{"id":591,"date":"2025-03-14T13:42:03","date_gmt":"2025-03-14T13:42:03","guid":{"rendered":"https:\/\/cibsec.usv.ro\/?page_id=591"},"modified":"2026-02-27T18:22:39","modified_gmt":"2026-02-27T18:22:39","slug":"concursuri","status":"publish","type":"page","link":"https:\/\/cibsec.usv.ro\/index.php\/concursuri\/","title":{"rendered":"Concursuri"},"content":{"rendered":"<div class=\"wpb-content-wrapper\"><p>[vc_row][vc_column][\/vc_column][\/vc_row][vc_row][vc_column][vc_column_text css=&#8221;&#8221;][\/vc_column_text][vc_column_text css=&#8221;&#8221;]&nbsp;<\/p>\n<p>&nbsp;[\/vc_column_text][vc_column_text css=&#8221;&#8221;][\/vc_column_text][\/vc_column][\/vc_row][vc_row][vc_column][vc_column_text css_animation=&#8221;top-to-bottom&#8221; css=&#8221;&#8221;]<\/p>\n<h1><span style=\"color: #00ffff;\">Concursuri de securitate cibernetic\u0103 &#8211; USV<\/span><\/h1>\n<p>[\/vc_column_text][\/vc_column][\/vc_row][vc_row][vc_column][vc_tta_accordion][vc_tta_section title=&#8221;CTF USV&#8221; tab_id=&#8221;1741959215635-7f5a14fd-3553&#8243;][vc_column_text css=&#8221;&#8221;]<\/p>\n<div class=\"text-description text-description-1\">\n<p><span style=\"color: #000000;\"><img loading=\"lazy\" decoding=\"async\" class=\"alignnone size-medium wp-image-616\" src=\"https:\/\/cibsec.usv.ro\/wp-content\/uploads\/2025\/03\/ctf.usv_.ro_-300x175.jpeg\" alt=\"CTF USV\" width=\"300\" height=\"175\" srcset=\"https:\/\/cibsec.usv.ro\/wp-content\/uploads\/2025\/03\/ctf.usv_.ro_-300x175.jpeg 300w, https:\/\/cibsec.usv.ro\/wp-content\/uploads\/2025\/03\/ctf.usv_.ro_-1024x596.jpeg 1024w, https:\/\/cibsec.usv.ro\/wp-content\/uploads\/2025\/03\/ctf.usv_.ro_-768x447.jpeg 768w, https:\/\/cibsec.usv.ro\/wp-content\/uploads\/2025\/03\/ctf.usv_.ro_-320x186.jpeg 320w, https:\/\/cibsec.usv.ro\/wp-content\/uploads\/2025\/03\/ctf.usv_.ro_-480x279.jpeg 480w, https:\/\/cibsec.usv.ro\/wp-content\/uploads\/2025\/03\/ctf.usv_.ro_-800x465.jpeg 800w, https:\/\/cibsec.usv.ro\/wp-content\/uploads\/2025\/03\/ctf.usv_.ro_.jpeg 1423w\" sizes=\"auto, (max-width: 300px) 100vw, 300px\" \/><\/span><\/p>\n<p><span style=\"color: #000000;\">The CTF-USV (\u201cCapture The Flag\u201d \u2013 Suceava University) contest is intending to mobilize the energies of universities students, their knowledge and abilities on hacking informations systems and applications in an controlled and challenging environment.<\/span><\/p>\n<p><span style=\"color: #000000;\">The main objective of this competitional event is to encourage students to develop their skills, to train and exercise both intellectual and practical abilities in Information Security field &#8211; as future specialists.<\/span><\/p>\n<p><span style=\"color: #000000;\">Students from academic institutions are invited to participate in the third International Students Contest in Information Security, CTF-USV. The contest, organized as a CTF competition (Capture The Flag), is based on solving various challenges by exploiting weaknesses and vulnerabilities of web applications and operating systems in a limited time interval and inside a controlled data communication environment.<\/span><\/div>\n<p>[\/vc_column_text][vc_btn title=&#8221;Particip\u0103&#8221; color=&#8221;primary&#8221; css=&#8221;&#8221; link=&#8221;url:https%3A%2F%2Fctf.usv.ro%2F|title:CTF%20USV|target:_blank&#8221;][\/vc_tta_section][vc_tta_section title=&#8221;UNbreakable Suceava 2026&#8243; tab_id=&#8221;1770826878338-e469c81f-2682&#8243;][vc_column_text css=&#8221;&#8221;]<span style=\"color: #000000;\"><strong>Competi\u021bia local\u0103 UNbreakable Suceava &#8211; <\/strong><strong style=\"text-align: center;\">edi\u021bia 2026!<\/strong><\/span><\/p>\n<p><span style=\"color: #ff0000;\">Se va desf\u0103\u0219ura pe data de 20 martie 2026<\/span><\/p>\n<p><span style=\"color: #000000;\">Participarea \u0219i \u00eenscrierea \u00een program sunt gratuite \u0219i sunt deschise tinerilor din <strong>Suceava<\/strong><\/span><\/p>\n<p><span style=\"color: #000000;\"><a style=\"color: #000000;\" href=\"https:\/\/unr25-local-suceava.cyber-edu.co\/?tenant=cyberedu\"><strong>UNbreakable Suceava <\/strong><\/a>este un eveniment premerg\u0103tor competi\u021biilor de la <a style=\"color: #000000;\" href=\"https:\/\/unbreakable.ro\/\"><strong>UNbreakable Rom\u00e2nia<\/strong><\/a>, cel mai complex program de educa\u021bie cibernetic\u0103 pentru tineri<\/span><\/p>\n<p><span style=\"color: #000000;\">link-ul de inscriere la competitia local\u0103<\/span><\/p>\n<p><span style=\"color: #000000;\"><a style=\"color: #000000;\" href=\"https:\/\/app.cyber-edu.co\/competition\/unr26-local-sv?tenant=cyberedu\" target=\"_blank\" rel=\"noopener\" data-saferedirecturl=\"https:\/\/www.google.com\/url?q=https:\/\/app.cyber-edu.co\/competition\/unr26-local-sv?tenant%3Dcyberedu&amp;source=gmail&amp;ust=1772291627551000&amp;usg=AOvVaw0fOxuKB-C6aaolJh30XnHh\">CyberEDU \u2013 UNbreakable Suceava 2026<\/a><\/span><\/p>\n<table style=\"border-collapse: collapse; width: 1426px; height: 316px;\" border=\"0\" width=\"128\" cellspacing=\"0\" cellpadding=\"0\">\n<tbody>\n<tr style=\"height: 15.75pt;\">\n<td style=\"height: 15.75pt; width: 48pt;\" width=\"64\" height=\"21\"><a href=\"https:\/\/app.cyber-edu.co\/competition\/unr26-local-sv?tenant=cyberedu\" target=\"_blank\" rel=\"noopener\"><img loading=\"lazy\" decoding=\"async\" class=\"alignnone wp-image-720\" src=\"https:\/\/cibsec.usv.ro\/wp-content\/uploads\/2026\/02\/unr26-local-sv-240x300.png\" alt=\"\" width=\"380\" height=\"475\" srcset=\"https:\/\/cibsec.usv.ro\/wp-content\/uploads\/2026\/02\/unr26-local-sv-240x300.png 240w, https:\/\/cibsec.usv.ro\/wp-content\/uploads\/2026\/02\/unr26-local-sv-819x1024.png 819w, https:\/\/cibsec.usv.ro\/wp-content\/uploads\/2026\/02\/unr26-local-sv-768x960.png 768w, https:\/\/cibsec.usv.ro\/wp-content\/uploads\/2026\/02\/unr26-local-sv-320x400.png 320w, https:\/\/cibsec.usv.ro\/wp-content\/uploads\/2026\/02\/unr26-local-sv-480x600.png 480w, https:\/\/cibsec.usv.ro\/wp-content\/uploads\/2026\/02\/unr26-local-sv-800x1000.png 800w, https:\/\/cibsec.usv.ro\/wp-content\/uploads\/2026\/02\/unr26-local-sv.png 1080w\" sizes=\"auto, (max-width: 380px) 100vw, 380px\" \/><\/a><\/td>\n<td style=\"width: 48pt;\" width=\"64\">\n<h4 id=\"calendar-\u0219i-detalii-eveniment\"><span style=\"color: #000000;\">Calendar \u0219i Detalii Eveniment<\/span><\/h4>\n<p><span style=\"color: #000000;\"><strong>C\u00c2ND?<\/strong><\/span><\/p>\n<ul>\n<li>Data: 20 martie 2026<\/li>\n<li>Durata: 6 ore<\/li>\n<\/ul>\n<p><span style=\"color: #000000;\"><strong>CINE POATE PARTICIPA?<\/strong><\/span><\/p>\n<ul>\n<li>Elevi de liceu<\/li>\n<li>Studenti<\/li>\n<li>Nivel de dificultate: U\u0219or &#8211; Mediu<\/li>\n<\/ul>\n<p><span style=\"color: #000000;\"><strong>CE URM\u0102RIM?<\/strong><\/span><\/p>\n<ul>\n<li>Promovarea securit\u0103\u021bii cibernetice \u00een r\u00e2ndul tinerilor<\/li>\n<li>Preg\u0103tirea pentru UNbreakable Rom\u00e2nia \u0219i Olimpiada de Securitate Cibernetic\u0103<\/li>\n<li>Dezvoltarea comunit\u0103\u021bilor locale \u0219i a centrelor de excelen\u021b\u0103 \u00een securitate cibernetic\u0103<\/li>\n<\/ul>\n<p><span style=\"color: #000000;\"><strong>CE OFERIM?<\/strong><\/span><\/p>\n<ul>\n<li>Acces la platformele UNbreakable \u0219i CyberEDU<\/li>\n<li>Interac\u021biune direct\u0103 cu exper\u021bi \u0219i traineri \u00een securitate cibernetic\u0103<\/li>\n<li>Preg\u0103tire practic\u0103 pentru competi\u021bii na\u021bionale (OSC, ROCSC)<\/li>\n<li>Diplome de participare<\/li>\n<li>Premii oferite de sponsori<\/li>\n<\/ul>\n<p>&nbsp;<\/td>\n<\/tr>\n<\/tbody>\n<\/table>\n<p>[\/vc_column_text][vc_btn title=&#8221;Particip\u0103&#8221; color=&#8221;primary&#8221; css=&#8221;&#8221; link=&#8221;url:https%3A%2F%2Funr25-local-suceava.cyber-edu.co%2F|title:UNbreakable%20Suceava%20|target:_blank&#8221;][\/vc_tta_section][vc_tta_section title=&#8221;UNbreakable Suceava&#8221; tab_id=&#8221;1772215621863-cc22d201-261f&#8221;][vc_column_text css=&#8221;&#8221;]<span style=\"color: #000000;\"><strong>Competi\u021bia local\u0103 UNbreakable Suceava &#8211; <\/strong><strong style=\"text-align: center;\">edi\u021bia 2025! <\/strong><\/span><\/p>\n<p><span style=\"color: #000000;\">Participarea \u0219i \u00eenscrierea \u00een program sunt gratuite \u0219i sunt deschise tinerilor din <strong>Suceava<\/strong><\/span><\/p>\n<p><span style=\"color: #000000;\"><a style=\"color: #000000;\" href=\"https:\/\/unr25-local-suceava.cyber-edu.co\/?tenant=cyberedu\"><strong>UNbreakable Suceava <\/strong><\/a>este un eveniment premerg\u0103tor competi\u021biilor de la <a style=\"color: #000000;\" href=\"https:\/\/unbreakable.ro\/\"><strong>UNbreakable Rom\u00e2nia<\/strong><\/a>, cel mai complex program de educa\u021bie cibernetic\u0103 pentru tineri<\/span><\/p>\n<p><span style=\"color: #000000;\">Prin acest eveniment vom aduce experien\u021ba UNbreakable Rom\u00e2nia, oferindu-v\u0103 \u0219ansa de a \u00een\u021belege mai bine securitatea cibernetic\u0103 \u0219i de a v\u0103 preg\u0103ti pentru competi\u021bii na\u021bionale \u0219i interna\u021bionale de profil.<\/span><\/p>\n<table style=\"border-collapse: collapse; width: 1426px; height: 316px;\" border=\"0\" width=\"128\" cellspacing=\"0\" cellpadding=\"0\">\n<tbody>\n<tr style=\"height: 15.75pt;\">\n<td style=\"height: 15.75pt; width: 48pt;\" width=\"64\" height=\"21\"><span style=\"color: #000000;\"><img loading=\"lazy\" decoding=\"async\" class=\"alignnone wp-image-612\" src=\"https:\/\/cibsec.usv.ro\/wp-content\/uploads\/2025\/03\/Suceava-1024x858-1-300x251.png\" alt=\"\" width=\"467\" height=\"390\" srcset=\"https:\/\/cibsec.usv.ro\/wp-content\/uploads\/2025\/03\/Suceava-1024x858-1-300x251.png 300w, https:\/\/cibsec.usv.ro\/wp-content\/uploads\/2025\/03\/Suceava-1024x858-1-320x268.png 320w, https:\/\/cibsec.usv.ro\/wp-content\/uploads\/2025\/03\/Suceava-1024x858-1-480x402.png 480w, https:\/\/cibsec.usv.ro\/wp-content\/uploads\/2025\/03\/Suceava-1024x858-1-800x670.png 800w, https:\/\/cibsec.usv.ro\/wp-content\/uploads\/2025\/03\/Suceava-1024x858-1.png 1024w\" sizes=\"auto, (max-width: 467px) 100vw, 467px\" \/><\/span><\/td>\n<td style=\"width: 48pt;\" width=\"64\"><span style=\"color: #000000;\"><strong>Agenda eveniment, 14 martie 2025<\/strong><\/span><\/p>\n<ul>\n<li><span style=\"color: #000000;\">Deschiderea evenimentului: 10:00<\/span><\/li>\n<li><span style=\"color: #000000;\">Prezentare introductiva: 10:00 &#8211; 10:30<\/span><\/li>\n<li><span style=\"color: #000000;\">Concursul individual: 10:30 &#8211; 15:30<\/span><\/li>\n<li><span style=\"color: #000000;\">Premiere: 15:30 &#8211; 16:00<\/span><\/li>\n<\/ul>\n<p><span style=\"color: #000000;\"><strong>Loc &#8211;&nbsp;<\/strong><strong>Universitatea Stefan cel Mare din Suceava, Atrium corp E (rectorat), Aula E<\/strong><\/span><\/p>\n<p><span style=\"color: #000000;\"><strong>Premii &#8211; <\/strong>Primele 3 persoane din clasament vor primi c\u00e2te un Kit Hardware pentru Securitate IoT<\/span><\/p>\n<ul>\n<li><span style=\"color: #000000;\">Nordic BLE Module pentru analiza traficului Bluetooth<\/span><\/li>\n<li><span style=\"color: #000000;\">Raspberry Pi Pico W cu display pentru proiecte WiFi<\/span><\/li>\n<li><span style=\"color: #000000;\">ESP-01 pentru monitorizare re\u021bele wireless<\/span><\/li>\n<li><span style=\"color: #000000;\">NRF24L01+ (1km range) pentru analiza benzii 2.4GHz<\/span><\/li>\n<li><span style=\"color: #000000;\">Accesorii incluse: breadboard, fire, traduc\u0103tor nivel \u0219i documenta\u021bie<\/span><\/li>\n<\/ul>\n<\/td>\n<\/tr>\n<\/tbody>\n<\/table>\n<p>[\/vc_column_text][vc_btn title=&#8221;Particip\u0103&#8221; color=&#8221;primary&#8221; css=&#8221;&#8221; link=&#8221;url:https%3A%2F%2Funr25-local-suceava.cyber-edu.co%2F|title:UNbreakable%20Suceava%20|target:_blank&#8221;][\/vc_tta_section][vc_tta_section i_icon_fontawesome=&#8221;fas fa-trophy&#8221; add_icon=&#8221;true&#8221; title=&#8221;Rezultate UNbreakable Suceava 2025&#8243; tab_id=&#8221;1741967798760-359cede1-8368&#8243;][vc_column_text css=&#8221;&#8221;]\u00censcri\u0219i &#8211; 58<\/p>\n<p>Participan\u021bi &#8211; 26<\/p>\n<p>Premian\u021bi &#8211; 6<\/p>\n<p>&nbsp;<\/p>\n<table width=\"613\">\n<tbody>\n<tr>\n<td width=\"64\">#<\/td>\n<td width=\"165\">Participant<\/td>\n<td width=\"64\">Points<\/td>\n<td width=\"64\">Solved<\/td>\n<td width=\"64\">Top 3<\/td>\n<td width=\"64\">First Blood<\/td>\n<td width=\"64\">Weight<\/td>\n<td width=\"64\">Accuracy<\/td>\n<\/tr>\n<tr>\n<td>1<\/td>\n<td>\u00a0Tibichi Gabriel-Ioan<\/td>\n<td>\u00a05803<\/td>\n<td>\u00a09<\/td>\n<td>\u00a01<\/td>\n<td>\u00a00<\/td>\n<td>\u00a0124.146<\/td>\n<td>\u00a021 %<\/td>\n<\/tr>\n<tr>\n<td>2<\/td>\n<td>\u00a0Pop Gabriel<\/td>\n<td>\u00a05373<\/td>\n<td>\u00a09<\/td>\n<td>\u00a08<\/td>\n<td>\u00a07<\/td>\n<td>\u00a0111.799<\/td>\n<td>\u00a074 %<\/td>\n<\/tr>\n<tr>\n<td>3<\/td>\n<td>\u00a0Anghel Cristian<\/td>\n<td>\u00a05373<\/td>\n<td>\u00a09<\/td>\n<td>\u00a01<\/td>\n<td>\u00a01<\/td>\n<td>\u00a0108.466<\/td>\n<td>\u00a041 %<\/td>\n<\/tr>\n<tr>\n<td>4<\/td>\n<td>\u00a0UserName<\/td>\n<td>\u00a05373<\/td>\n<td>\u00a09<\/td>\n<td>\u00a06<\/td>\n<td>\u00a00<\/td>\n<td>\u00a0106.085<\/td>\n<td>\u00a061 %<\/td>\n<\/tr>\n<tr>\n<td>5<\/td>\n<td>\u00a0Laza Eduard<\/td>\n<td>\u00a05373<\/td>\n<td>\u00a09<\/td>\n<td>\u00a01<\/td>\n<td>\u00a00<\/td>\n<td>\u00a0104.299<\/td>\n<td>\u00a065 %<\/td>\n<\/tr>\n<tr>\n<td>6<\/td>\n<td>\u00a0xnd.adelin<\/td>\n<td>\u00a05283<\/td>\n<td>\u00a08<\/td>\n<td>\u00a02<\/td>\n<td>\u00a00<\/td>\n<td>\u00a0101.373<\/td>\n<td>\u00a021 %<\/td>\n<\/tr>\n<\/tbody>\n<\/table>\n<p>[\/vc_column_text][\/vc_tta_section][\/vc_tta_accordion][\/vc_column][\/vc_row][vc_row][vc_column][vc_gallery type=&#8221;image_grid&#8221; images=&#8221;670,669,668,667,666,665,664,663,662,661,660,659,658,657,656,655,653,652,651,650,649,648,647,646,645,644,643,641,640,639,638,637,636,635,632&#8243; css=&#8221;&#8221; title=&#8221;Galerie Foto UNbreakable Suceava 2025&#8243;][\/vc_column][\/vc_row][vc_row][vc_column][vc_separator css=&#8221;&#8221;][\/vc_column][\/vc_row][vc_row][vc_column][vc_column_text css=&#8221;&#8221;]&nbsp;<\/p>\n<table style=\"border-collapse: collapse; width: 1053px; height: 401px;\" border=\"0\" width=\"192\" cellspacing=\"0\" cellpadding=\"0\">\n<tbody>\n<tr style=\"height: 15.0pt;\">\n<td class=\"xl65\" style=\"height: 15.0pt; width: 144pt;\" colspan=\"3\" width=\"192\" height=\"20\">Competi\u021bii \u0219i platforme de securitate cibernetic\u0103<\/td>\n<\/tr>\n<tr style=\"height: 15.75pt;\">\n<td style=\"height: 15.75pt;\" height=\"21\">\n<ul>\n<li><button type=\"button\">CTF USV<\/button><\/li>\n<\/ul>\n<ul>\n<li><button type=\"button\">UNbreakable Rom\u00e2nia<\/button><\/li>\n<li><button type=\"button\">ROCSC<\/button><\/li>\n<li><button type=\"button\">ECSC<\/button><\/li>\n<li><button type=\"button\">ISM Capture The Flag Contest<\/button><\/li>\n<li><button type=\"button\">DefCamp Capture the Flag<\/button><\/li>\n<\/ul>\n<\/td>\n<td>\n<ul>\n<li><button type=\"button\">TryHackMe<\/button><\/li>\n<li><button type=\"button\">Hack The Box<\/button><\/li>\n<li><button type=\"button\">OverTheWire<\/button><\/li>\n<li><button type=\"button\">Root Me<\/button><\/li>\n<li><button type=\"button\">RingZer0 Team<\/button><\/li>\n<li><button type=\"button\">Hack.me<\/button><\/li>\n<li><button type=\"button\">CTFTime<\/button><\/li>\n<li><button type=\"button\">picoCTF<\/button><\/li>\n<li><button type=\"button\">CTF365<\/button><\/li>\n<li><button type=\"button\">CTF101<\/button><\/li>\n<\/ul>\n<\/td>\n<td>\n<ul>\n<li><button type=\"button\">VulnHub<\/button><\/li>\n<li><button type=\"button\">Practical Pentest Labs<\/button><\/li>\n<li><button type=\"button\">Wizard-Security Labs<\/button><\/li>\n<li><button type=\"button\">PentesterLab<\/button><\/li>\n<li><button type=\"button\">HackThis!!<\/button><\/li>\n<li><button type=\"button\">Shellter Labs<\/button><\/li>\n<li><button type=\"button\">Zenk-Security Challenges<\/button><\/li>\n<li><button type=\"button\">W3Challs<\/button><\/li>\n<li><button type=\"button\">Newbie Contest<\/button><\/li>\n<li><button type=\"button\">CryptoPals<\/button><\/li>\n<li><button type=\"button\">Aman&#8217;s Practice Mindmaps<\/button><\/li>\n<li><button type=\"button\">ALF.nu<\/button><\/li>\n<li><button type=\"button\">Hacksplaining<\/button><\/li>\n<li><button type=\"button\">Hacker101 CTF<\/button><\/li>\n<li><button type=\"button\">Hackaflag Academy<\/button><\/li>\n<li><button type=\"button\">PentestIT Lab<\/button><\/li>\n<li><button type=\"button\">CaptureTheFlag.com.br<\/button><\/li>\n<li><button type=\"button\">picoCTF<\/button><\/li>\n<li><button type=\"button\">Exploit Education<\/button><\/li>\n<li><button type=\"button\">RootInJail CTF<\/button><\/li>\n<li><button type=\"button\">CMD Challenge<\/button><\/li>\n<li><button type=\"button\">Hacking-Lab<\/button><\/li>\n<li><button type=\"button\">pwnable.kr<\/button><\/li>\n<li><button type=\"button\">Google Capture The Flag<\/button><\/li>\n<li><button type=\"button\">Immersive Labs<\/button><\/li>\n<li><button type=\"button\">AttackDefense<\/button><\/li>\n<li><button type=\"button\">Holiday Hack Challenge<\/button><\/li>\n<li><button type=\"button\">SmashTheStack<\/button><\/li>\n<\/ul>\n<\/td>\n<\/tr>\n<\/tbody>\n<\/table>\n<p>&nbsp;<\/p>\n<p>&nbsp;<\/p>\n<p>&nbsp;[\/vc_column_text][\/vc_column][\/vc_row]<\/p>\n<\/div>","protected":false},"excerpt":{"rendered":"<p>[vc_row][vc_column][\/vc_column][\/vc_row][vc_row][vc_column][vc_column_text css=&#8221;&#8221;][\/vc_column_text][vc_column_text css=&#8221;&#8221;]&nbsp; &nbsp;[\/vc_column_text][vc_column_text css=&#8221;&#8221;][\/vc_column_text][\/vc_column][\/vc_row][vc_row][vc_column][vc_column_text css_animation=&#8221;top-to-bottom&#8221; css=&#8221;&#8221;] Concursuri de securitate cibernetic\u0103 &#8211; USV [\/vc_column_text][\/vc_column][\/vc_row][vc_row][vc_column][vc_tta_accordion][vc_tta_section title=&#8221;CTF USV&#8221; tab_id=&#8221;1741959215635-7f5a14fd-3553&#8243;][vc_column_text css=&#8221;&#8221;] The CTF-USV (\u201cCapture The Flag\u201d \u2013 Suceava University) contest is intending to mobilize the energies of universities students, their knowledge and abilities on hacking informations systems and applications in an controlled and challenging environment. The main objective [&hellip;]<\/p>\n","protected":false},"author":3,"featured_media":0,"parent":0,"menu_order":0,"comment_status":"closed","ping_status":"closed","template":"","meta":{"footnotes":""},"class_list":["post-591","page","type-page","status-publish","hentry"],"aioseo_notices":[],"_links":{"self":[{"href":"https:\/\/cibsec.usv.ro\/index.php\/wp-json\/wp\/v2\/pages\/591","targetHints":{"allow":["GET"]}}],"collection":[{"href":"https:\/\/cibsec.usv.ro\/index.php\/wp-json\/wp\/v2\/pages"}],"about":[{"href":"https:\/\/cibsec.usv.ro\/index.php\/wp-json\/wp\/v2\/types\/page"}],"author":[{"embeddable":true,"href":"https:\/\/cibsec.usv.ro\/index.php\/wp-json\/wp\/v2\/users\/3"}],"replies":[{"embeddable":true,"href":"https:\/\/cibsec.usv.ro\/index.php\/wp-json\/wp\/v2\/comments?post=591"}],"version-history":[{"count":2,"href":"https:\/\/cibsec.usv.ro\/index.php\/wp-json\/wp\/v2\/pages\/591\/revisions"}],"predecessor-version":[{"id":726,"href":"https:\/\/cibsec.usv.ro\/index.php\/wp-json\/wp\/v2\/pages\/591\/revisions\/726"}],"wp:attachment":[{"href":"https:\/\/cibsec.usv.ro\/index.php\/wp-json\/wp\/v2\/media?parent=591"}],"curies":[{"name":"wp","href":"https:\/\/api.w.org\/{rel}","templated":true}]}}